{"id":378,"date":"2017-06-29T10:55:42","date_gmt":"2017-06-29T08:55:42","guid":{"rendered":"http:\/\/www.dmsvsz.hr\/?page_id=378"},"modified":"2022-03-28T11:51:09","modified_gmt":"2022-03-28T09:51:09","slug":"projekti-udruge","status":"publish","type":"page","link":"https:\/\/www.dmsvsz.hr\/?page_id=378","title":{"rendered":"Projekti udruge"},"content":{"rendered":"\t\t<div data-elementor-type=\"wp-page\" data-elementor-id=\"378\" class=\"elementor elementor-378\" data-elementor-post-type=\"page\">\n\t\t\t\t\t\t<section class=\"elementor-section elementor-top-section elementor-element elementor-element-4f3d6e24 elementor-section-boxed elementor-section-height-default elementor-section-height-default\" data-id=\"4f3d6e24\" data-element_type=\"section\" data-e-type=\"section\">\n\t\t\t\t\t\t<div class=\"elementor-container elementor-column-gap-default\">\n\t\t\t\t\t<div class=\"elementor-column elementor-col-100 elementor-top-column elementor-element elementor-element-40d1d7ef\" data-id=\"40d1d7ef\" data-element_type=\"column\" data-e-type=\"column\">\n\t\t\t<div class=\"elementor-widget-wrap elementor-element-populated\">\n\t\t\t\t\t\t<div class=\"elementor-element elementor-element-59e91af4 elementor-widget elementor-widget-text-editor\" data-id=\"59e91af4\" data-element_type=\"widget\" data-e-type=\"widget\" data-widget_type=\"text-editor.default\">\n\t\t\t\t<div class=\"elementor-widget-container\">\n\t\t\t\t\t\t\t\t\t<p><b>NAJZNA\u010cAJNI PROJEKTI DRU\u0160TVA MULTIPLE SKLEROZE<\/b><\/p>\n<p><span style=\"color: var( --e-global-color-text ); font-family: var( --e-global-typography-text-font-family ), Sans-serif;\"><b>VE\u0106I PROJEKTI I PROGRAMI:<\/b><\/span><\/p>\n<p><br>\n1.) \u201eUsluge osobne asistencije osobama sa najte\u017eim invaliditetom u Vukovarsko-srijemskoj \u017eupaniji\u201c 2008.-2023.,  MROSP<\/p>\n<p>2.) \u201eRazvoj i \u0161irenje  mre\u017ee socijalnih usluga koje pru\u017eaju udruge &#8211; Multipla skleroza je s vama lak\u0161a 2\u201c  2017.-2023., MROSP<\/p>\n<p>3.) \u201eRazvoj usluge osobne asistencije za osobe s invaliditetom- faza III u Vukovarsko-srijemskoj \u017eupaniji\u201c, ESF III 2015.-2021<\/p>\n<p>4.) \u201eUnapre\u0111enje kvalitete \u017eivota starijih osoba 2019 &#8211; Dostojanstveno \u017eivjeti\u201c 2019.-2020., financiran od strane MROSP<\/p>\n<p><b>OP\u0106INSKI,  GRADSKI PROJEKTI I ZAKLADE:<\/b><\/p>\n<p>5.)  \u201eKora\u010dajte zajedno sa nama br. III\u201c, projekt Grada Vukovara velika, potpora od strane grada Vukovara gradona\u010delnika gosp. Penave i zamjenika gradona\u010delnika gosp. Su\u0161ca<\/p>\n<p>6.)  \u201eDa li ste s nama III\u201c projekt Vukovarsko-srijemske \u017eupanije, iznimno ponosni na potpori od strane vukovarsko-srijemske \u017eupanije i  gosp. \u017eupana Damira Dekani\u0107a<\/p>\n<p>7.)  \u201eEdukacija i podr\u0161ka oboljelima od multiple skleroze\u201c, Op\u0107ina Borovo prepoznala je aktivnost, rad udruge i problem oboljelih osoba, velika potpora<\/p>\n<p>8.)   \u201eSvi smo mi isti br. V\u201c, Op\u0107ina Stari Jankovci, potpora  u prepoznavanju te\u0161ko\u0107a u bolesti  i djelovanju udruge<\/p>\n<p>9.)   \u201e\u017divot sa Multiplom sklerozom\u201c , Op\u0107ine Trpinja prepoznala humanitarnost  djelovanja<\/p>\n<p>10.)   \u201ePodizanje kvalitete \u017eivota oboljelih od multiple skleroze br. 4\u201c, Op\u0107ina Nijemci je prepoznala  i podr\u017eava rad kroz  kroz radionice: psiholo\u0161ke, neurolo\u0161ke te kreativne<\/p>\n<p>11.)  \u201ePomo\u0107 oboljelima od multiple skleroze br. 3\u201c Grad Ilok potpora oboljelima od multiple skleroze u vidu  razmjena iskustava u bolesti s tisu\u0107u lica<\/p>\n<p>12.)  \u201eUnaprije\u0111enje \u017eivota i \u017eivotnih vrijednosti osobama s invaliditetom br. 5\u201c Op\u0107ina Gunja prepoznatljivi smo u senzibiliziranju  oboljeli osoba<\/p>\n<p>13.)  \u201e\u017divljenje s multiplom sklerozom br. 4\u201c  Op\u0107ina Tovarnik prepoznali su problematiku oboljelih osoba<\/p>\n<p>14.)  \u201eUnaprije\u0111enje \u017eivota oboljelih osoba br. 5\u201c,  Grad  Otok potpora  u \u017eivotu oboljelih od multiple skleroze<\/p>\n<p>15.)  \u201eS vama je lak\u0161e br. 5\u201c Op\u0107ina Andrija\u0161evci podr\u0161a u prepoznatljivosti za njegu oboljelih osoba<\/p>\n<p>16.)  \u201eBudite nam podr\u0161ka br. 3\u201c Op\u0107ina Vrbanja  pepoznatljivost u radu udruge za oboljele osobe<\/p>\n<p>17.)  \u201eZajedno za osobe oboljele od multiple skleroze 3\u201c Op\u0107ina Babina Greda potpora za oboljele od multiple skleroze<\/p>\n<p>18.) \u201eMultipla skleroza zajedno sa Op\u0107inom Ivankovo 2\u201c Op\u0107ina Ivankovo nastavak suradje za pomo\u0107 oboljelima od multiple skleroze<\/p>\n<p>19.) \u201eZajedno s multiplom sklerozom br. 5\u201c Grad Vinkovci potpora radu udruge i njenim aktivnostima<\/p>\n<p>20.) \u201eAktivni s multiple sklerozom 2\u201c, Op\u0107ina \u0160titar potpora u provo\u0111enju aktivnosti i edukacija \u010dlanova<\/p>\n<p>21.)  \u201eVozilo koje \u017eivot zna\u010di\u201c zaklada Novo sutra  je prepoznalo te\u0161ko\u0107e oboljelih osoba i ujedno im poma\u017ee dignuti kvalitetu \u017eivljena  kroz donaciju prilago\u0111enog vozila za osobe s invaliditetom koji su te\u0161ko pokretni i nepokretni<\/p>\n<p><b>PROJEKT STU\u010cNOG OSPOSOBLJAVANJA OD STRANE HRVATSKOG ZAVODA ZA ZAPO\u0160LJAVANJE VUKOVAR<\/b><\/p>\n<p>22.)  \u201eStru\u010dno osposobljavanje za rad bez zasnivanja radnog odnosa\u201c  osposobljavanje na 12 mjeseci s ciljem osposobljenu osobu zadr\u017eati kroz apliciranje programa i projekata<\/p>\n<p>23.) \u201eJavni radovi \u2013 obavljanje poslova asistenta u radu\u201c osposobljavanje na 6 mjeseci kroz javne radove s ciljem osposobljenu osobu zadr\u017eati kroz apliciranje programa i projekata<\/p>\t\t\t\t\t\t\t\t<\/div>\n\t\t\t\t<\/div>\n\t\t\t\t\t<\/div>\n\t\t<\/div>\n\t\t\t\t\t<\/div>\n\t\t<\/section>\n\t\t\t\t<\/div>\n\t\t","protected":false},"excerpt":{"rendered":"<p>NAJZNA\u010cAJNI PROJEKTI DRU\u0160TVA MULTIPLE SKLEROZE VE\u0106I PROJEKTI I PROGRAMI: 1.) \u201eUsluge osobne asistencije osobama sa najte\u017eim invaliditetom u Vukovarsko-srijemskoj \u017eupaniji\u201c 2008.-2023., MROSP 2.) \u201eRazvoj i \u0161irenje mre\u017ee socijalnih usluga koje&#8230;<\/p>\n<div class=\"more-link-wrapper\"><a class=\"more-link\" href=\"https:\/\/www.dmsvsz.hr\/?page_id=378\">Op\u0161irnije<span class=\"screen-reader-text\">Projekti udruge<\/span><\/a><\/div>\n","protected":false},"author":1,"featured_media":0,"parent":0,"menu_order":0,"comment_status":"closed","ping_status":"closed","template":"","meta":{"footnotes":""},"class_list":["post-378","page","type-page","status-publish","hentry","excerpt"],"_links":{"self":[{"href":"https:\/\/www.dmsvsz.hr\/index.php?rest_route=\/wp\/v2\/pages\/378","targetHints":{"allow":["GET"]}}],"collection":[{"href":"https:\/\/www.dmsvsz.hr\/index.php?rest_route=\/wp\/v2\/pages"}],"about":[{"href":"https:\/\/www.dmsvsz.hr\/index.php?rest_route=\/wp\/v2\/types\/page"}],"author":[{"embeddable":true,"href":"https:\/\/www.dmsvsz.hr\/index.php?rest_route=\/wp\/v2\/users\/1"}],"replies":[{"embeddable":true,"href":"https:\/\/www.dmsvsz.hr\/index.php?rest_route=%2Fwp%2Fv2%2Fcomments&post=378"}],"version-history":[{"count":11,"href":"https:\/\/www.dmsvsz.hr\/index.php?rest_route=\/wp\/v2\/pages\/378\/revisions"}],"predecessor-version":[{"id":2156,"href":"https:\/\/www.dmsvsz.hr\/index.php?rest_route=\/wp\/v2\/pages\/378\/revisions\/2156"}],"wp:attachment":[{"href":"https:\/\/www.dmsvsz.hr\/index.php?rest_route=%2Fwp%2Fv2%2Fmedia&parent=378"}],"curies":[{"name":"wp","href":"https:\/\/api.w.org\/{rel}","templated":true}]}}