{"id":364,"date":"2017-06-29T10:06:40","date_gmt":"2017-06-29T08:06:40","guid":{"rendered":"http:\/\/www.dmsvsz.hr\/?page_id=364"},"modified":"2020-04-17T13:31:09","modified_gmt":"2020-04-17T11:31:09","slug":"dogadanja-u-udruzi","status":"publish","type":"page","link":"https:\/\/www.dmsvsz.hr\/?page_id=364","title":{"rendered":"Doga\u0111anja u udruzi"},"content":{"rendered":"<p>Dru\u0161tvo redovno organizira dru\u017eenje \u010dlanova dru\u0161tva jednom mjese\u010dno, prvi petak u mjesecu od 17,00 sati.<\/p>\n<p>Dru\u0161tvo odr\u017eava kreativne radionice s kojima poti\u010demo osobe oboljele od multiple skleroze na uklju\u010divanje u dru\u0161tvene aktivnosti, na razvijanje inovativnosti te razmijenu iskustava sa drugim osobama oboljelim od multiple skleroze u izradi kreativnih radova.<\/p>\n<p>\u0160portska i medicinska masa\u017ea  tokom  godine koju za osobe oboljele od multiple skleroze pru\u017ea volonterka g\u0111a.\u0106iri\u0107, masa\u017ea se pokazala kao vrlo u\u010dinkovita za osobe oboljele od multiple skleroze, korisnici su vrlo zadovoljni jer im masa\u017ea smanjuje bolove u tijelu te ih osloba\u0111a stresa izazvanim od strane multiple skleroze. <\/p>\n<p>Psiholo\u0161ka radionica, educiranje oboljelih i predavanje sa mag. psihologije prof.  gosp. Ba\u010di\u0107 Belji\u0107 (grupni rad) radionica na kojoj \u0107e psiholog izlagati i pomogati oboljelima od multiple skleroze.  Vrlo va\u017ena i zna\u010dajna za \u010dlanove u prevladavanju svakodnevnog stresa.<\/p>\n<p>Neurolo\u0161ka radionica, educiranje osoba oboljelih od multiple skleroze i predavanje sa dr. med., specijalist neurolog  Tea Miro\u0161evi\u0107 Zubonja iz KBC Osijek ( grupni rad) radionica na kojoj \u0107e neurologinja izlagati novosti o lije\u010denju multiple skleroze korisnicima udruge, te individualna pitanja  direktno prema neurologu.<\/p>\n<p>Socijalno uklju\u010divanje u zajednicu kroz izlet za \u010dlanove Dru\u0161tva multiple skleroze Vukovarsko-srijemske \u017eupanije na podru\u010dju Vukovarsko-srijemske \u017eupanije gdje Dru\u0161tvo organizira izlet za svoje \u010dlanove kako bi im omogu\u0107ili da postanu ravnopravni \u010dlan u socijalnim aktivnostima u svojoj zajednici te ih oslobodili svakodnevnog stresa zajedni\u010dkim dru\u017eenjem.<\/p>\n<p>Obilje\u017eavanje Svjetskog dana multiple skleroze u konobi \u201eKamelija\u201c u Vukovaru, na kojima budu na\u0161i \u010dlanovi, doktori i drugi gosti koji odr\u017eavaju predavanja na temu \u017eivot  u zajednici sa mutiplom sklerozom. <\/p>\n<p>Svake godine ugo\u0161\u0107ujemo dru\u0161tava multiple skleroze iz drugih \u017eupanija, iz  Saveza dru\u0161tava multiple skleroze  Hrvatske,  UOSI Vuka Vukovar te Dru\u0161tva multiple skleroze iz susjednih zemalja.<\/p>\n<p>Uz prisustvo dr. med. specijalist neurolog  Tea Miro\u0161evi\u0107 Zubonja iz KBC-a Osijek i mag. psihologije    prof. gosp. Ba\u010di\u0107 Belji\u0107 odr\u017eavaju svim gostima predavanje o multiple sklerozi, novostima o lije\u010denju te podizanju psihofizi\u010dkog stanja osoba oboljelih od multiple skleroze.<\/p>\n<p>Obilje\u017eavanje Nacionalnog dana multiple skleroze, gdje izlazimo na \u0161tand te izla\u017eemo bro\u0161ure, \u010dasopise, letke, odre\u0111ene knji\u017eice koje nam \u0161alje Savez dru\u0161tava multiple skleroze Hrvatske, uz prisustvo dr. med., specijalist neurolog  Tea Miro\u0161evi\u0107 Zubonja iz KBC-a Osijek i mag. psihologije prof. Jovane Ba\u010di\u0107 Belji\u0107 gdje budu sugra\u0111anima i lokalnoj zajednici na usluzi sa senzibiliziranjem o mutiple sklerozi. Radionica otvorenog tipa za javnost.<\/p>\n<p>Organizacija Javne tribine Dru\u0161tva multiple skleroze Vukovarsko-srijemske \u017eupanije u hotelu \u201eLav\u201c u Vukovaru na kojoj predava\u010di educiraju javnost o polo\u017eaju i problemima osoba oboljelih od multiple skleroze, te nove terapije sa specijalnom rehabilitacijom Lipik.<\/p>\n<p>Obilje\u017eavanje Me\u0111unarodnog dana osoba s invaliditetom gdje je potaknuto uklju\u010divanje novih \u010dlanova Dru\u0161tva multiple skleroze Vukovarsko-srijemske \u017eupanije te aktivnosti usmjerene na za\u0161titu i promicanje prava osoba s invalitetom.<\/p>\n<p>Prijevoz \u010dlanova Dru\u0161tva multiple skleroze Vukovarsko-srijemske \u017eupanije prilago\u0111enim kombi vozilom koje udruga koristi za prijevoz svojih \u010dlanova na razli\u010dite aktivnosti kao \u0161to su: odlazak k lije\u010dniku, u toplice na rehabilitaciju, odlazak na fizioterapije i na aktivnosti koje Udruga provodi za oboljele. Dru\u0161tvo multiple skleroze Vukovarsko-srijemske \u017eupanije odr\u017eava zna\u010dajne doga\u0111aje za na\u0161e \u010dlanove oboljele od multiple skleroze, podizanje socijalne uklju\u010denosti i omogu\u0107avanje da postanu ravnopravni \u010dlanovi u svojoj zajednici na tim istim doga\u0111ajima te ih osloboditi svakodnevnog stresa zajedni\u010dkim dru\u017eenjem.<\/p>\n<p>Dru\u0161tvo multiple skleroze Vukovarsko-srijemske \u017eupanije stvara me\u0111unarodnu suradnju s Dru\u0161tvom multiple skleroze \u201cMala Ba\u010daka\u201d iz Ba\u010dke Topole i Dru\u0161tvo multiple skleroze \u201cMoj Srem\u201d iz In\u0111ije iz Republike Srbije te s  Dru\u0161tvom multiple skleroze iz Republike Bosne i Hercegovine.<\/p>\n","protected":false},"excerpt":{"rendered":"<p>Dru\u0161tvo redovno organizira dru\u017eenje \u010dlanova dru\u0161tva jednom mjese\u010dno, prvi petak u mjesecu od 17,00 sati. Dru\u0161tvo odr\u017eava kreativne radionice s kojima poti\u010demo osobe oboljele od multiple skleroze na uklju\u010divanje u&#8230;<\/p>\n<div class=\"more-link-wrapper\"><a class=\"more-link\" href=\"https:\/\/www.dmsvsz.hr\/?page_id=364\">Op\u0161irnije<span class=\"screen-reader-text\">Doga\u0111anja u udruzi<\/span><\/a><\/div>\n","protected":false},"author":1,"featured_media":0,"parent":0,"menu_order":0,"comment_status":"closed","ping_status":"closed","template":"","meta":{"footnotes":""},"class_list":["post-364","page","type-page","status-publish","hentry","excerpt"],"_links":{"self":[{"href":"https:\/\/www.dmsvsz.hr\/index.php?rest_route=\/wp\/v2\/pages\/364","targetHints":{"allow":["GET"]}}],"collection":[{"href":"https:\/\/www.dmsvsz.hr\/index.php?rest_route=\/wp\/v2\/pages"}],"about":[{"href":"https:\/\/www.dmsvsz.hr\/index.php?rest_route=\/wp\/v2\/types\/page"}],"author":[{"embeddable":true,"href":"https:\/\/www.dmsvsz.hr\/index.php?rest_route=\/wp\/v2\/users\/1"}],"replies":[{"embeddable":true,"href":"https:\/\/www.dmsvsz.hr\/index.php?rest_route=%2Fwp%2Fv2%2Fcomments&post=364"}],"version-history":[{"count":2,"href":"https:\/\/www.dmsvsz.hr\/index.php?rest_route=\/wp\/v2\/pages\/364\/revisions"}],"predecessor-version":[{"id":1150,"href":"https:\/\/www.dmsvsz.hr\/index.php?rest_route=\/wp\/v2\/pages\/364\/revisions\/1150"}],"wp:attachment":[{"href":"https:\/\/www.dmsvsz.hr\/index.php?rest_route=%2Fwp%2Fv2%2Fmedia&parent=364"}],"curies":[{"name":"wp","href":"https:\/\/api.w.org\/{rel}","templated":true}]}}