{"id":348,"date":"2017-06-29T09:36:00","date_gmt":"2017-06-29T07:36:00","guid":{"rendered":"http:\/\/www.dmsvsz.hr\/?page_id=348"},"modified":"2021-08-09T09:38:13","modified_gmt":"2021-08-09T07:38:13","slug":"povlastice","status":"publish","type":"page","link":"https:\/\/www.dmsvsz.hr\/?page_id=348","title":{"rendered":"Povlastice"},"content":{"rendered":"<h2><strong>POVLASTICE NEVEZANE UZ \u010cLANSTVO<\/strong><\/h2>\n<p><strong>DOPUNSKO ZDRAVSTVENO OSIGURANJE<\/strong><\/p>\n<p><strong>Dopunsko zdravstveno osiguranje<\/strong>\u00a0iz dr\u017eavnog prora\u010duna osigurano je za osigurane osobe s invaliditetom koje imaju 100% o\u0161te\u0107enja organizma, odnosno tjelesnog o\u0161te\u0107enja prema propisima o mirovinskom osiguranju (Zakon o izmjenama i dopunama Zakona o dobrovoljnom zdravstvenom osiguranju, NN 71\/10.).<\/p>\n<p>Da bi se povlastica ostvarila, potrebno se obratiti nadle\u017enoj ispostavi Hrvatskog zavoda za zdravstveno osiguranje, koja je izdala zdravstvenu knji\u017eicu, sa osobnom iskaznicom, zdravstvenom knji\u017eicom i preslikom Rje\u0161enja o tjelesnom o\u0161te\u0107enju.<\/p>\n<p>&nbsp;<\/p>\n<p><strong>ZNAK PRISTUPA\u010cNOSTI<\/strong><\/p>\n<p>Pravo na\u00a0<strong>Znak pristupa\u010dnosti<\/strong>\u00a0mogu ostvariti osobe s invaliditetom sa 80 ili vi\u0161e posto tjelesnog o\u0161te\u0107enja, odnosno osobe koje imaju o\u0161te\u0107enja donjih ekstremiteta 60 ili vi\u0161e posto. Znak pristupa\u010dnosti va\u017ei samo kada vozilom upravlja osoba s invaliditetom ili se ta osoba nalazi u vozilu.<br \/>\nZa ostvarenje ove povlastice potrebno se obratiti u Gradsko poglavarstvo, u Ured za promet i veze, Trg S. Radi\u0107a 1, Zagreb (prizemlje), tel: 01\/6101111 ili u \u017dupanijski ured nadle\u017ean za poslove prometa.<\/p>\n<p>Potrebno je predati zahtjev za izdavanje Znaka pristupa\u010dnosti kojem se prila\u017ee slijede\u0107a dokumentacija: Nalaz i mi\u0161ljenje ovla\u0161tenog vje\u0161taka Hrvatskog zavoda za mirovinsko i invalidsko osiguranje koje se dobija temeljem Rje\u0161enja o tjelesnom o\u0161te\u0107enju, fotografija i biljezi.<\/p>\n<p>&nbsp;<\/p>\n<p><strong>PARKIRANJE<br \/>\nvozila osoba s invaliditetom izvan posebno ozna\u010denih mjesta za parkiranje<\/strong><\/p>\n<p>Sukladno \u010dlanku 10. Odluke o organizaciji i na\u010dinu naplate parkiranja (Slu\u017ebeni glasnik 12\/11), u gradu Zagrebu,<strong>osobe s invaliditetom,\u00a0<\/strong>koje su<strong>\u00a0korisnici znaka pristupa\u010dnosti,\u00a0<\/strong>bez naknade,<strong>\u00a0svoje vozilo mogu parkirati\u00a0<\/strong>osim na posebno obilje\u017eenim mjestima rezerviranim za parkiranje vozila osoba s invaliditetom,\u00a0<strong>i na javnim parkirali\u0161tima<\/strong>\u00a0u parkirali\u0161nim zonama naplate, ali najdu\u017ee 2 sata tijekom jednog dana.<\/p>\n<p>Ovo pravo korisnik znaka pristupa\u010dnosti mo\u017ee ostvariti uz uvjet da uz va\u017ee\u0107i znak pristupa\u010dnosti istakne i va\u017ee\u0107u naljepnicu koju izdaje organizator parkiranja (Zagrebparking, \u0160ubi\u0107eva 40\/III). Potrebno im je dostaviti presliku rje\u0161enja na temelju kojeg je isho\u0111en znak pristupa\u010dnosti, prometnu dozvolu, osobnu iskaznicu i znak pristupa\u010dnosti. Naljepnica vrijedi jednu godinu, a tro\u0161ak izrade i izdavanja iste je 30,00 kn.<\/p>\n<p>Pravo na ostvarivanje ove pogodnosti mo\u0107i \u0107e ostvariti sve osobe koje posjeduju va\u017ee\u0107i znak pristupa\u010dnosti, bez obzira na to imaju li prebivali\u0161te ili boravi\u0161te u Gradu Zagrebu.<\/p>\n<p>Osoba u \u010diju korist je naljepnica izdana mo\u017ee zatra\u017eiti da se odobri izdavanje naljepnice za drugo vozilo (drugu registarsku oznaku), \u0161to se smatra novim izdavanjem naljepnice.<\/p>\n<p>&nbsp;<\/p>\n<p><strong>BORAVI\u0160NA PRISTOJBA<\/strong><\/p>\n<p><strong>Boravi\u0161nu pristojbu<\/strong>\u00a0(temeljem Zakona o boravi\u0161noj pristojbi: NN broj 152\/08, 59\/09, 81\/08 te 139\/09), ne pla\u0107aju osobe s invaliditetom od 70% i ve\u0107im i jedan pratitelj, a \u0161to dokazuju odgovaraju\u0107im ispravama.<\/p>\n<p>&nbsp;<\/p>\n<p><strong>POVLASTICA PRI VO\u017dNJI VLAKOM ILI BRODOM<\/strong><\/p>\n<p><strong>Povlasticu pri vo\u017enji vlakom ili brodom<\/strong>\u00a0odnosnopopust od 75% na punu vrijednost vozne karte te besplatnu voznu kartu za pratnju ukoliko je pratnja zdrava osoba, mogu ostvariti osobe s tjelesnim o\u0161te\u0107enjem ukupnog postotka od najmanje 70% o\u0161te\u0107enja isklju\u010divo donjih ekstremiteta.<\/p>\n<p>Povlastica se odnosi na \u010detiri jednokratne godi\u0161nje karte za vo\u017enju vlakom ili brodom unutar Repulike Hrvatske, a izdana objava vrijedi 60 dana za oba smjera.<\/p>\n<p>Osobe s podru\u010dja Grada Zagreba ovu povlasticu ostvaruju u Gradskom uredu za socijalnu\u00a0 za\u0161titu i osobe s invaliditetom, Odjel za za\u0161titu osoba s invaliditetom na Trgu Stjepana Radi\u0107a 1, soba 236, II kat, tel. 01\/6101236, a osobe s podru\u010dja izvan Grada Zagreba pri nadle\u017enom \u017dupanijskom uredu.<\/p>\n<p>Za ostvarenje povlastice potrebno je dostaviti presliku Rje\u0161enja o tjelesnom o\u0161te\u0107enju (ako ih postoji vi\u0161e \u2013 onda sva), presliku osobne iskaznice te OIB. Pratnja treba u navdeni ured do\u0107i osobno prilikom podna\u0161anja prvog zahtjeva te ponijeti presliku osobne iskaznice i OIB.<\/p>\n<p>&nbsp;<\/p>\n<p><strong>BESPLATAN ULAZ VOZILOM NA \u0160RC JARUN<\/strong><\/p>\n<p><strong>Besplatan ulaz vozilom na \u0160RC Jarun<\/strong>\u00a0od 01.01.2004. godine ostvaruju osobe s invaliditetom koje imaju Znak pristupa\u010dnosti. Godi\u0161nja kartica vrijedi godinu dana od datuma izdavanja i va\u017ee\u0107a je isklju\u010divo uz Znak pristupa\u010dnosti istaknut na vozilu.<\/p>\n<p>Za ostvarivanje povlastice odnosno dobivanje godi\u0161nje kartice potrebno se obratiti u Slu\u017ebu naplate parkiranja u Upravi T.D. \u201cJarun d.o.o\u201d radnim danom od 9,00-13,00 sati. Potrebna dokumentacija za va\u0111enje kartice: Rje\u0161enje o tjelesnom o\u0161te\u0107enju (kopija te original na uvid), prometna dozvola (kopija te original na uvid), pismena Zamolba za ostvarivanje povlastice te manipulativni tro\u0161kovi izdavanja godi\u0161nje kartice u iznosu od 20,00 kn.<\/p>\n<p>&nbsp;<\/p>\n<p><strong>BESPLATAN PRIJEVOZ SPECIJALNO PRILAGO\u0110ENIM VOZILOM<\/strong><\/p>\n<p><strong>Besplatan prijevoz specijalno prilago\u0111enim vozilom<\/strong>\u00a0u Gradu Zagrebu mogu koristiti osobe koje se kre\u0107u pomo\u0107u invalidskih kolica ili imaju te\u017ea kombinirana o\u0161te\u0107enja. Vozilo se naru\u010duje kod Slu\u017ebe prijevoza ZET-a dva do tri dana ranije na tel: 01\/2995-956, 01\/2995-964 (radno vrijeme: svaki dan osim subote, nedjelje i praznika od 7,45-14,00 sati).<\/p>\n<p>&nbsp;<\/p>\n<p><strong>POVLA\u0160TENI PAKET OPTIMA TELEKOMA<\/strong><\/p>\n<p><strong>Povla\u0161teni paket<\/strong>\u00a0sa odobrenim popustom odnosno besplatnim minutama mogu dobiti korisnici\u00a0<strong>Optima Telekoma<\/strong>, a ovisno o postotku tjelesnog o\u0161te\u0107enja (190 minuta za 80%; 220 minuta za 90%; 250 minuta za 100%). Popust mogu ostvariti korisnici telefonskih usluga, ali ne i korisnici kombiniranih usluga (npr. telefon i internet ili telefonske, internet i TV).<\/p>\n<p>Za ostvarivanje povlastice potrebno je Optima Telekomu (Cebini 28, Buzin, 10 000 Zagreb) dostaviti presliku Rje\u0161enja o tjelesnom o\u0161te\u0107enju i njihov Zahtjev za odobrenje kori\u0161tenja posebnih povlastica.<br \/>\nZa detaljne informacije nazovite besplatni telefon 0800 0088.<\/p>\n<p>&nbsp;<\/p>\n<p><strong>POPUST ISKON-a<\/strong><\/p>\n<p><strong>ISKON<\/strong>\u00a0omogu\u0107uje osobama s invaliditetom tjelesnog o\u0161te\u0107enja 80% ili vi\u0161e postotaka\u00a0<strong>popust na mjese\u010dnu<\/strong><strong>naknadu<\/strong>\u00a0u visini od 10%.<\/p>\n<p>Za ostvarivanje povlastice potrebno je prilikom potpisivanja zahtjeva za uslugu prilo\u017eiti uz potpisanu dokumentaciju i kopiju jednog od Rje\u0161enja o invaliditetu.<br \/>\nZa detaljne informacije nazovite besplatni telefon 0800 1000.<\/p>\n<p><strong>POPUST BTnet-a<\/strong><\/p>\n<p><strong>BTnet<\/strong>\u00a0omogu\u0107uje svim osobama sa postotkom tjelesnog o\u0161te\u0107enja\u00a0<strong>popust na mjese\u010dnu<\/strong>\u00a0<strong>naknadu<\/strong>. Osobe sa tjelesnim o\u0161te\u0107enjem do 50% mogu ostvariti pravo na kori\u0161tenje izabrane usluge umanjene za 15% mjese\u010dne naknade paketa, a osobe sa tjelesnim o\u0161te\u0107enjem ve\u0107im od 50% za 30% mjese\u010dne naknade paketa.<\/p>\n<p>Za ostvarivanje povlastice potrebno je prilikom sklapanja ugovora dostaviti kopiju Rje\u0161enja o invaliditetu, uz uvid u original istog. Za detaljne informacije nazovite besplatni telefon 0800 890011.<\/p>\n<p><strong>POPUST AMIS Telekoma<\/strong><\/p>\n<p><strong>AMIS Telekom<\/strong>\u00a0omogu\u0107uje\u00a0osobama s invaliditetom tjelesnog o\u0161te\u0107enja 80% ili vi\u0161e postotaka\u00a0<strong>popust na mjese\u010dnu<\/strong>\u00a0<strong>naknadu<\/strong>\u00a0u visini od 10%.<\/p>\n<p>Za ostvarivanje povlastice potrebno je dostaviti Rje\u0161enje o tjelesnom o\u0161te\u0107enju. Za detaljne informacije nazovite besplatni telefon 0800 5010 svaki radni dan od 08,00-22,00 sata.<\/p>\n<p>&nbsp;<\/p>\n<p><strong>STOMATOLO\u0160KA AMBULANTA ZA OSOBE S INVALIDITETOM<\/strong><\/p>\n<p><strong>Stomatolo\u0161ka ambulanta za osobe s invaliditetom<\/strong>radi u Domu zdravlja Centar, Zagreb, Runjaninova 4 (prizemlje desno), direktni telefon: 4897-688. Radno vrijeme za pacijente je: radnim danom od 9,00 do 15,00 sati.<\/p>\n<p>&nbsp;<\/p>\n<p><strong>BESPLATAN ULAZ U MUZEJ GRADA ZAGREBA<\/strong><\/p>\n<p><strong>Besplatan ulaz u Muzej grada Zagreba<\/strong>, Opati\u010dka 20, Zagreb, mogu\u0107 je za sve osobe s invaliditetom (uz eventualno predo\u010denje \u010dlanske knji\u017eice) prvi utorak u mjesecu u vremenu od 14,00-18,00 sati. Ukoliko je rije\u010d o grupi (minimalno 10 osoba) koja \u017eeli vodi\u010da (besplatno), potrebno je zatra\u017eiti vodi\u010da na samom ulazu u Muzej.<\/p>\n<p>&nbsp;<\/p>\n<p><strong>GODI\u0160NJA \u010cLANARINA ZA HAK<br \/>\n<\/strong><\/p>\n<p><strong>Popust prilikom pla\u0107anja godi\u0161nje \u010dlanarine za HAK<\/strong>\u00a0odnosno 90,00 kn ni\u017eu \u010dlanarinu mogu ostvariti osobe sa tjelesnim o\u0161te\u0107enjem ukupnog postotka od najmanje 50% bez obzira na dijagnozu.<\/p>\n<p>Da bi se povlastica ostvarila, potrebno je u HAK-u predo\u010diti Rje\u0161enje o tjelesnom o\u0161te\u0107enju.<br \/>\nPopust od 30% pri kupnji povratnih prijevoznih karata za putovanja u Hrvatskoj u 1. i 2. razredu vlakova svih vrsta mogu ostvariti SVI \u010dlanovi HAK-a. Karte s popustom mogu se kupiti na svim putni\u010dkim blagajnama uz predo\u010denje va\u017ee\u0107e HAK-ove \u010dlanske iskaznice ili zajedni\u010dke kartice HAK-a i Diners Cluba Adriatic. Tako\u0111er se mo\u017ee ostvariti popust od 20% u slu\u010daju da \u010dlan HAK-a putuje vlakom sa svojim vozilom. Dodatne informacije na tel. 060\/333-444.<\/p>\n<p><strong>ULAZ U NACIONALNI PARK PLITVI\u010cKA JEZERA<br \/>\n<\/strong><\/p>\n<p><strong>Popust prilikom pla\u0107anja ulaznice u Nacionalni park Plitvi\u010dka jezera,\u00a0<\/strong>a koji ovisi o ukupnom postotku tjelesnog o\u0161te\u0107enja, mogu ostvariti sve osobe sa tjelesnim o\u0161te\u0107enjem.<\/p>\n<p>Osobe sa stupnjem invalidnosti do 50% imaju popust 50% na redovne cijene ulaznice koja za razdoblje 2013. godine iznosi 110,00 kn, a osobe sa stupnjem invalidnosti ve\u0107im od 50% imaju besplatne ulaznice.<\/p>\n<p><strong>\u010cLANSTVO U NACIONALNOJ SVEU\u010cILI\u0160NOJ KNJI\u017dNICI<br \/>\n<\/strong><\/p>\n<p>Osobe s invaliditetom ostvaruju popust u vidu\u00a0<strong>nepla\u0107anja\u00a0<\/strong><strong>naknade za \u010dlanstvo u NSK\u00a0<\/strong>prilikom upisa ili produljenja \u010dlanstva u NSK.<\/p>\n<p><strong>POPUST U VRTI\u0106IMA GRADA ZAGREBA<br \/>\n<\/strong><\/p>\n<p>Roditelji s invaliditetom s prebivali\u0161tem na podru\u010dju Grada Zagreba ostvaruju olak\u0161ice u pla\u0107anju redovitog programa\u00a0<strong>olak\u0161ice u pla\u0107anju redovitog programa\u00a0<\/strong>prilikom pla\u0107anja mjese\u010dnog iznosa za sudjelovanje djeteta u vrti\u0107u prema slijede\u0107im kriterijima:<\/p>\n<ul>\n<li>dijete roditelja osobe s invaliditetom (100% i 90%) \u2013 osloba\u0111a se od obveze sudjelovanja u cijeni programa,<\/li>\n<li>dijete roditelja osobe s invaliditetom (80% do 60%) \u2013 pla\u0107a 50% od iznosa sudjelovanja u cijeni programa,<\/li>\n<li>dijete roditelja osobe s invaliditetom (50% i manje) \u2013 pla\u0107a 75% od iznosa sudjelovanja u cijeni programa.<\/li>\n<\/ul>\n<p>Roditelj se mo\u017ee koristiti samo jednom olak\u0161icom koja je za njega najpovoljnija.<\/p>\n<p>&nbsp;<\/p>\n<h2><strong>POVLASTICE VEZANE UZ \u010cLANSTVO<\/strong><\/h2>\n<p><strong>TELEFONSKA POVLASTICA (<\/strong>T-COM<strong>)<\/strong>\u00a0odnosi se 50% ni\u017eu mjese\u010dnu naknadu\u00a0isklju\u010divo u slu\u010daju kori\u0161tenja paketa Super 60. Povlasticu mogu ostvariti \u010dlanovi Udruge (korisnici T-com operatera) sa tjelesnim o\u0161te\u0107enjem ukupnog postotka od najmanje 80% gornjih ili donjih ekstremiteta te neuromi\u0161i\u0107nih oboljenja (odjeljak III, IV, VIa, VIb, VIIa, VIIb Zakona o listi tjelesnih o\u0161te\u0107enja \u2013 NN broj 162\/98).<\/p>\n<p>Za ostvarenje ove povlastice potrebno je u Udrugu dostaviti presliku Rje\u0161enja o tjelesnom o\u0161te\u0107enju i gornji dio telefonskog ra\u010duna (specifikaciju).<br \/>\nUkoliko se ne plati godi\u0161nja \u010dlanarina u Udruzi godinu dana, ova se povlastica ukida bez dodatne najave ili obavijesti.<br \/>\nPotrebno je obratiti se u mati\u010dne udruge po zahtjev kojeg ispunjava neurolog.<\/p>\n<p>&nbsp;<\/p>\n<p><strong>HRT POVLASTICA<\/strong>\u00a0odnosi se na 50% ni\u017eu RTV pristojbu:<\/p>\n<p>\u2013 za\u00a0<em>povla\u0161tenu<\/em>\u00a0RTV pristojbu (50% ni\u017ea pristojba) : mi\u0161i\u0107na distrofija i srodna neuromi\u0161i\u0107na oboljenja; cerebralna i dje\u010dja paraliza; paraplegija, tetraplegija, hemiplegija,\u00a0<strong>sc. multiplex.<\/strong><\/p>\n<p>Potrebno je obratiti se u mati\u010dne udruge po <a href=\"\/wp-content\/uploads\/2021\/zahtjev_HRT.pdf\" rel=\"noopener noreferrer\" target=\"_blank\">zahtjev<\/a> kojeg ispunjava neurolog.<\/p>\n<p>&nbsp;<\/p>\n<h2>PRAVA IZ MIROVINSKOG OSIGURANJA<\/h2>\n<p>Pravo na mirovinu mo\u017ee ostvariti osiguranik odnosno \u010dlan obitelji osiguranika uz uvjete propisane Zakonom o mirovinskom osiguranju<br \/>\nMirovina mo\u017ee biti<\/p>\n<ul>\n<li><a href=\"http:\/\/www.mirovinsko.hr\/default.aspx?ID=71\">starosna<\/a><\/li>\n<li><a href=\"http:\/\/www.mirovinsko.hr\/default.aspx?id=4305\">prijevremena starosna mirovina<\/a><\/li>\n<li><a href=\"http:\/\/www.mirovinsko.hr\/default.aspx?ID=72\">invalidska mirovina<\/a><\/li>\n<li><a href=\"http:\/\/www.mirovinsko.hr\/default.aspx?id=72\">privremena invalidska mirovina<\/a><\/li>\n<li><a href=\"http:\/\/www.mirovinsko.hr\/default.aspx?ID=73\">obiteljska mirovina<\/a><\/li>\n<\/ul>\n<p>Pojedine skupine osiguranika pravo na mirovinu, osim prema odredbama ZOMO-a, ostvaruju pravo na mirovinu pod povoljnijim uvjetima. Ti povoljniji uvjeti propisani su\u00a0<a href=\"http:\/\/www.mirovinsko.hr\/default.aspx?ID=51\"><strong>posebnim propisima<\/strong><\/a><\/p>\n<p><a href=\"http:\/\/www.mirovinsko.hr\/default.aspx?id=224\">Kada mogu u mirovinu?<\/a><\/p>\n<p>&nbsp;<\/p>\n<h4>Naknada zbog tjelesnog o\u0161te\u0107enja<\/h4>\n<p>Tjelesno o\u0161te\u0107enje\u00a0<strong>postoji\u00a0<\/strong>kada kod osiguranika nastane gubitak, bitnije o\u0161te\u0107enje ili znatnija onesposobljenost pojedinog organa ili dijelova tijela, \u0161to ote\u017eava normalnu aktivnost organizma i zahtijeva ve\u0107e napore u obavljanju \u017eivotnih potreba, bez obzira na to uzrokuje li ili ne invalidnost.<\/p>\n<p><strong>Pravo na naknadu\u00a0<\/strong>zbog tjelesnog o\u0161te\u0107enja mo\u017ee\u00a0 ostvariti osiguranik kod kojega\u00a0 je utvr\u0111eno tjelesno o\u0161te\u0107enje od najmanje 30%, a koje je nastalo kao\u00a0<strong>posljedica ozljede na radu ili profesionalne bolesti<\/strong>.<\/p>\n<p><strong>Vrsta tjelesnih o\u0161te\u0107enja i postoci tih o\u0161te\u0107enja<\/strong>, na temelju kojih se stje\u010de pravo na naknadu zbog tjelesnog o\u0161te\u0107enja, utvr\u0111eni su zakonom (Zakon o listi tjelesnih o\u0161te\u0107enja, Narodne novine, broj\u00a0<a href=\"http:\/\/www.mirovinsko.hr\/UserDocsImages\/www.mirovinsko.hr\/default.aspx?ID=1382#medicinskovjestacenje\">162\/98<\/a>).<\/p>\n<p>Naknada zbog tjelesnog o\u0161te\u0107enja odre\u0111uje se ovisno o postotku tjelesnog o\u0161te\u0107enja u odgovaraju\u0107em postotku od\u00a0<strong>osnovice<\/strong>\u00a0i iznosi:<\/p>\n<table>\n<tbody>\n<tr>\n<td>zbog tjelesnog<br \/>\no\u0161te\u0107enja od<\/td>\n<td>stupanj<\/td>\n<td>naknada iznosi u<br \/>\npostotku od osnovice<\/td>\n<\/tr>\n<tr>\n<td>100%<\/td>\n<td>1<\/td>\n<td>40%<\/td>\n<\/tr>\n<tr>\n<td>90%<\/td>\n<td>2<\/td>\n<td>36%<\/td>\n<\/tr>\n<tr>\n<td>80%<\/td>\n<td>3<\/td>\n<td>32%<\/td>\n<\/tr>\n<tr>\n<td>70%<\/td>\n<td>4<\/td>\n<td>28%<\/td>\n<\/tr>\n<tr>\n<td>60%<\/td>\n<td>5<\/td>\n<td>24%<\/td>\n<\/tr>\n<tr>\n<td>50%<\/td>\n<td>6<\/td>\n<td>20%<\/td>\n<\/tr>\n<tr>\n<td>40%<\/td>\n<td>7<\/td>\n<td>16%<\/td>\n<\/tr>\n<tr>\n<td>30%<\/td>\n<td>8<\/td>\n<td>12%<\/td>\n<\/tr>\n<\/tbody>\n<\/table>\n<p>Osnovicu za odre\u0111ivanje naknada utvr\u0111uje Zavod op\u0107im aktom (Odluka o osnovici za odre\u0111ivanje naknade zbog tjelesnog o\u0161te\u0107enja i o uskla\u0111ivanju nov\u010danih naknada zbog tjelesnog o\u0161te\u0107enja; Naknada zbog tjelesnog o\u0161te\u0107enja uskla\u0111uje se na isti na\u010din kao i mirovine.<\/p>\n<p><strong>\u00a0Novi Zakon o mirovinskom osiguranju (od 1. sije\u010dnja 2014.)<\/strong><\/p>\n<div class=\"page_content\">\n<ol>\n<li><a href=\"http:\/\/www.mirovinsko.hr\/default.aspx?id=4156#1\"><strong>Koji su uvjeti za prijevremenu starosnu mirovinu?<\/strong><\/a><\/li>\n<li><a href=\"http:\/\/www.mirovinsko.hr\/default.aspx?id=4156#2\"><strong>Koliko iznosi umanjenje kod prijevremene starosne mirovine?<\/strong><\/a><\/li>\n<li><strong><a href=\"http:\/\/www.mirovinsko.hr\/default.aspx?id=4156#3\">Je li povoljnije oti\u0107i u prijevremenu starosnu mirovinu sukladno odredba starog ZOMO-a ili novog, odnosno 31. prosinca 2013. ili 1. sije\u010dnja 2014.?<\/a><\/strong><\/li>\n<li><a href=\"http:\/\/www.mirovinsko.hr\/default.aspx?id=4156#4\"><strong>Mo\u017ee li korisnik mirovine raditi i primati mirovinu?<\/strong><\/a><\/li>\n<li><a href=\"http:\/\/www.mirovinsko.hr\/default.aspx?id=4156#5\"><strong>Koje su novine kod obiteljske mirovine?<\/strong><\/a><\/li>\n<li><a href=\"http:\/\/www.mirovinsko.hr\/default.aspx?id=4156#6\"><strong>\u0160to je to smanjena radna sposobnost?<\/strong><\/a><\/li>\n<li><a href=\"http:\/\/www.mirovinsko.hr\/default.aspx?id=4156#7\"><strong>\u0160to je djelomi\u010dan gubitak radne sposobnosti?<\/strong><\/a><\/li>\n<li><a href=\"http:\/\/www.mirovinsko.hr\/default.aspx?id=4156#8\"><strong>\u0160to je potpuni gubitak radne sposobnosti?<\/strong><\/a><\/li>\n<li><a href=\"http:\/\/www.mirovinsko.hr\/default.aspx?id=4156#9\"><strong>Tko je invalid rada?<\/strong><\/a><\/li>\n<li><a href=\"http:\/\/www.mirovinsko.hr\/default.aspx?id=4156#10\"><strong>Kada postoji neposredna opasnost od nastanka smanjenja radne sposobnosti?<\/strong><\/a><\/li>\n<li><a href=\"http:\/\/www.mirovinsko.hr\/default.aspx?id=4156#11\"><strong>\u0160to je profesionalna rehabilitacija?<\/strong><\/a><\/li>\n<li><a href=\"http:\/\/www.mirovinsko.hr\/default.aspx?id=4156#12\"><strong>Tko mo\u017ee i koji su uvjeti za ostvarivanje prava na profesionalnu rehabilitaciju?<\/strong><\/a><\/li>\n<li><a href=\"http:\/\/www.mirovinsko.hr\/default.aspx?id=4156#13\"><strong>Tko provodi profesionalnu rehabilitaciju?<\/strong><\/a><\/li>\n<li><a href=\"http:\/\/www.mirovinsko.hr\/default.aspx?id=4156#14\"><strong>Kakvu naknadu imaju invalidi rada tokom profesionalne rehabilitacije?<\/strong><\/a><\/li>\n<li><a href=\"http:\/\/www.mirovinsko.hr\/default.aspx?id=4156#15\"><strong>Tko mo\u017ee ostvariti pravo na privremenu invalidsku mirovinu?<\/strong><\/a><\/li>\n<li><a href=\"http:\/\/www.mirovinsko.hr\/default.aspx?id=4156#16\"><strong>Koja je novina vezana za korisnike prava na invalidsku mirovinu zbog potpunog gubitka radne sposobnosti?<\/strong><\/a><\/li>\n<li><a href=\"http:\/\/www.mirovinsko.hr\/default.aspx?id=4156#17\"><strong>Treba li korisnik mirovine( i koje) oti\u0107i na kontrolni pregled?<\/strong><\/a><\/li>\n<li><strong><a href=\"http:\/\/www.mirovinsko.hr\/default.aspx?id=4156#18\">\u0160to je to razdvajanje mirovina?<\/a><\/strong><\/li>\n<li><a href=\"http:\/\/www.mirovinsko.hr\/default.aspx?id=4156#20\"><strong>Koja je razlika kod osnovne mirovine, odre\u0111ene prema starom ZOMO-u i sada prema novom?<\/strong><\/a><\/li>\n<li><a href=\"http:\/\/www.mirovinsko.hr\/default.aspx?id=4156#21\"><strong>Kome se mirovina ne\u0107e odrediti mirovina kao osnovna, odnosno kao mirovina iz oba dva stupa?<\/strong><\/a><\/li>\n<li><strong><a href=\"http:\/\/www.mirovinsko.hr\/default.aspx?id=4156#22\">Koje novine donosi novi ZOMO za mirovine pripadnika biv\u0161e JNA?<\/a>\u017d<\/strong><\/li>\n<\/ol>\n<p>&nbsp;<\/p>\n<h1>Koja prava u sustavu socijalne skrbi mogu ostvariti osobe s invaliditetom ili drugim te\u017eim promjenama u zdravstvenom stanju?<\/h1>\n<div class=\"attribute-long\">\n<p>U okviru sustava socijalne skrbi osobe (djeca, mladi, odrasle osobe) s invaliditetom ili te\u017eim promjenama u zdravstvenom stanju mogu ostvariti\u00a0 sljede\u0107e prava:<\/p>\n<ul>\n<li>doplatak za pomo\u0107 i njegu,<\/li>\n<li>osobnu invalidninu,<\/li>\n<li>naknadu do zaposlenja<\/li>\n<li>status roditelja njegovatelja ili status njegovatelja<\/li>\n<li>socijalne usluge (smje\u0161taj, boravak, pomo\u0107 u ku\u0107i, psihosocijalnu podr\u0161ku, rana intervencija za djecu s razvojnim pote\u0161ko\u0107ama, pomo\u0107 pri uklju\u010divanju djeteta s te\u0161ko\u0107ama u razvoju u programe odgoja i redovitog obrazovanja, organizirano stanovanje)<\/li>\n<\/ul>\n<\/div>\n<h1>Tko mo\u017ee ostvariti pravo na doplatak za pomo\u0107 i njegu i u kojem iznosu?<\/h1>\n<div class=\"attribute-long\">\n<p>Doplatak za pomo\u0107 i njegu priznaje se osobi koja ne mo\u017ee sama udovoljiti osnovnim \u017eivotnim potrebama uslijed \u010dega joj je potrebna pomo\u0107 i njega druge osobe u organiziranju prehrane, pripremi i uzimanju obroka, nabavi namirnici, \u010di\u0161\u0107enju i pospremanju stana, obla\u010denju i svla\u010denju, odr\u017eavanju osobne higijene kao i u obavljanju drugih osnovnih \u017eivotnih potreba.<\/p>\n<p>Ovo pravo mo\u017ee ostvariti osoba koja \u017eivi sama a njezini mjese\u010dni prihodi ne prelaze iznos od 250% osnovice iz \u010dlanka 27. stavak 2. Zakona koja iznosi 500,00 kn, odnosno prihodi za samca ne smiju prelaziti 1.250,00 kn.\u00a0 Nadalje, ukoliko osoba \u017eivi u zajedni\u010dkom ku\u0107anstvu, prosje\u010dni mjese\u010dni prihod \u010dlanova ku\u0107anstva ne smije prelaziti 200% osnovice, odnosno 1.000,00 kn.<\/p>\n<p>Pravo na doplatak za pomo\u0107 i njegu mo\u017ee se priznati u punom ili smanjenom iznosu, ovisno o tome postoji li prijeka potreba pomo\u0107i i njege druge osobe u punom ili smanjenom opsegu.<\/p>\n<p>Visina doplatak za pomo\u0107 i njegu iznosi<\/p>\n<p>\u2013\u00a0\u00a0\u00a0\u00a0\u00a0\u00a0\u00a0\u00a0\u00a0 u punom iznosu 100% osnovice iz \u010dlanka 27. Stavak 2. Zakona o socijalnoj skrbi (500,00 kn)<\/p>\n<p>\u2013\u00a0\u00a0\u00a0\u00a0\u00a0\u00a0\u00a0\u00a0\u00a0 u smanjenom iznosu od 70 % osnovice iz \u010dlanka 27. Stavak 2. Zakona o socijalnoj skrbi (350,00 kn).<\/p>\n<p>Pravo na doplatak za pomo\u0107 i njegu u punom iznosu, iako je prihod po \u010dlanu ku\u0107anstva, odnosno prihod samca, ve\u0107i od gore navedenog ima:<\/p>\n<p>\u2013\u00a0\u00a0\u00a0\u00a0\u00a0\u00a0\u00a0\u00a0\u00a0 \u00a0osoba s te\u017eim invaliditetom<\/p>\n<p>\u2013\u00a0\u00a0\u00a0\u00a0\u00a0\u00a0\u00a0\u00a0\u00a0 \u00a0osoba s te\u017eim trajnim promjenama u zdravstvenom stanju ili<\/p>\n<p>\u2013\u00a0\u00a0\u00a0\u00a0\u00a0\u00a0\u00a0\u00a0\u00a0 \u00a0slijepa, gluha, gluhoslijepa osoba koja nije osposobljena za samostalan \u017eivot i rad<\/p>\n<p>Pravo na doplatak za pomo\u0107 i njegu u smanjenom iznosu, iako je prihod po \u010dlanu ku\u0107anstva, odnosno prihod samca, ve\u0107i od gore navedenog prihoda ima:<\/p>\n<p>\u2013\u00a0\u00a0\u00a0\u00a0\u00a0\u00a0\u00a0\u00a0\u00a0 osoba potpuno li\u0161ena poslovne sposobnosti<\/p>\n<p>\u2013\u00a0\u00a0\u00a0\u00a0\u00a0\u00a0\u00a0\u00a0\u00a0 slijepa, gluha i gluhoslijepa osoba koja je osposobljena za samostalan \u017eivot i rad.<\/p>\n<p>&nbsp;<\/p>\n<p>Ostala pitanja i odgovori dostupni na web stranicama Ministarstva socijalne poltike i mladih:\u00a0<a href=\"http:\/\/www.mspm.hr\/pitanja_i_odgovori\">http:\/\/www.mspm.hr\/pitanja_i_odgovori<\/a><\/p>\n<blockquote class=\"wp-embedded-content\" data-secret=\"sqHookCIz9\"><p><a href=\"https:\/\/zosi.hr\/\">Po\u010detna<\/a><\/p><\/blockquote>\n<p><iframe class=\"wp-embedded-content\" sandbox=\"allow-scripts\" security=\"restricted\" style=\"position: absolute; clip: rect(1px, 1px, 1px, 1px);\" title=\"&#8220;Po\u010detna&#8221; &#8212; Zavod za vje\u0161ta\u010denje, profesionalnu rehabilitaciju i zapo\u0161ljavanje osoba s invaliditetom\" src=\"https:\/\/zosi.hr\/embed\/#?secret=hnZToAw1RD#?secret=sqHookCIz9\" data-secret=\"sqHookCIz9\" width=\"500\" height=\"282\" frameborder=\"0\" marginwidth=\"0\" marginheight=\"0\" scrolling=\"no\"><\/iframe><\/p>\n<\/div>\n<\/div>\n","protected":false},"excerpt":{"rendered":"<p>POVLASTICE NEVEZANE UZ \u010cLANSTVO DOPUNSKO ZDRAVSTVENO OSIGURANJE Dopunsko zdravstveno osiguranje\u00a0iz dr\u017eavnog prora\u010duna osigurano je za osigurane osobe s invaliditetom koje imaju 100% o\u0161te\u0107enja organizma, odnosno tjelesnog o\u0161te\u0107enja prema propisima o&#8230;<\/p>\n<div class=\"more-link-wrapper\"><a class=\"more-link\" href=\"https:\/\/www.dmsvsz.hr\/?page_id=348\">Op\u0161irnije<span class=\"screen-reader-text\">Povlastice<\/span><\/a><\/div>\n","protected":false},"author":1,"featured_media":0,"parent":0,"menu_order":0,"comment_status":"closed","ping_status":"closed","template":"","meta":{"footnotes":""},"class_list":["post-348","page","type-page","status-publish","hentry","excerpt"],"_links":{"self":[{"href":"https:\/\/www.dmsvsz.hr\/index.php?rest_route=\/wp\/v2\/pages\/348","targetHints":{"allow":["GET"]}}],"collection":[{"href":"https:\/\/www.dmsvsz.hr\/index.php?rest_route=\/wp\/v2\/pages"}],"about":[{"href":"https:\/\/www.dmsvsz.hr\/index.php?rest_route=\/wp\/v2\/types\/page"}],"author":[{"embeddable":true,"href":"https:\/\/www.dmsvsz.hr\/index.php?rest_route=\/wp\/v2\/users\/1"}],"replies":[{"embeddable":true,"href":"https:\/\/www.dmsvsz.hr\/index.php?rest_route=%2Fwp%2Fv2%2Fcomments&post=348"}],"version-history":[{"count":5,"href":"https:\/\/www.dmsvsz.hr\/index.php?rest_route=\/wp\/v2\/pages\/348\/revisions"}],"predecessor-version":[{"id":1743,"href":"https:\/\/www.dmsvsz.hr\/index.php?rest_route=\/wp\/v2\/pages\/348\/revisions\/1743"}],"wp:attachment":[{"href":"https:\/\/www.dmsvsz.hr\/index.php?rest_route=%2Fwp%2Fv2%2Fmedia&parent=348"}],"curies":[{"name":"wp","href":"https:\/\/api.w.org\/{rel}","templated":true}]}}