{"id":158,"date":"2017-06-27T12:26:24","date_gmt":"2017-06-27T10:26:24","guid":{"rendered":"http:\/\/www.dmsvsz.hr\/?page_id=158"},"modified":"2023-09-06T11:10:13","modified_gmt":"2023-09-06T09:10:13","slug":"donatori","status":"publish","type":"page","link":"https:\/\/www.dmsvsz.hr\/?page_id=158","title":{"rendered":"Donatori"},"content":{"rendered":"<p>Zahvaljujemo se svim donatorima udruge:<\/p>\n<p>Op\u0107ina Negoslavci<br \/>\nOp\u0107ina Gradi\u0161te<br \/>\nGrad \u017dupanja<br \/>\nOp\u0107ina Borovo<br \/>\nOp\u0107ina Erdut<br \/>\nOp\u0107ina Nu\u0161tar<br \/>\nOp\u0107ina Negoslavci<br \/>\nOp\u0107ina Jarmina<br \/>\nOp\u0107ina Tordinci<br \/>\nOp\u0107ina \u0160titar<br \/>\nOp\u0107ina Bogdanovci<br \/>\nOp\u0107ina Ivankovo<br \/>\nOp\u0107ina Marku\u0161ica<br \/>\nVukovarsko-srijemska \u017eupanija<br \/>\nZ.V.O.<br \/>\nMerck d.o.o.<br \/>\n\u0160uba\u0161i\u0107 d.o.o.<br \/>\nMedis Adria d.o.o.<br \/>\nOTOS Ortopedska tehnika d.o.o.<br \/>\nKomunalac Vukovar d.o.o.<br \/>\nCentar za vozila Hrvatske<br \/>\nKra\u0161 prehrambena industrija d.d.<br \/>\nConcept d.o.o. Vinkovci<br \/>\nPrivredna Banka Zagreb<br \/>\nHBOR &#8211; Hrvatska banka za obnovu i razvitak<\/p>\n","protected":false},"excerpt":{"rendered":"<p>Zahvaljujemo se svim donatorima udruge: Op\u0107ina Negoslavci Op\u0107ina Gradi\u0161te Grad \u017dupanja Op\u0107ina Borovo Op\u0107ina Erdut Op\u0107ina Nu\u0161tar Op\u0107ina Negoslavci Op\u0107ina Jarmina Op\u0107ina Tordinci Op\u0107ina \u0160titar Op\u0107ina Bogdanovci Op\u0107ina Ivankovo Op\u0107ina&#8230;<\/p>\n<div class=\"more-link-wrapper\"><a class=\"more-link\" href=\"https:\/\/www.dmsvsz.hr\/?page_id=158\">Op\u0161irnije<span class=\"screen-reader-text\">Donatori<\/span><\/a><\/div>\n","protected":false},"author":1,"featured_media":0,"parent":0,"menu_order":0,"comment_status":"closed","ping_status":"closed","template":"","meta":{"footnotes":""},"class_list":["post-158","page","type-page","status-publish","hentry","excerpt"],"_links":{"self":[{"href":"https:\/\/www.dmsvsz.hr\/index.php?rest_route=\/wp\/v2\/pages\/158","targetHints":{"allow":["GET"]}}],"collection":[{"href":"https:\/\/www.dmsvsz.hr\/index.php?rest_route=\/wp\/v2\/pages"}],"about":[{"href":"https:\/\/www.dmsvsz.hr\/index.php?rest_route=\/wp\/v2\/types\/page"}],"author":[{"embeddable":true,"href":"https:\/\/www.dmsvsz.hr\/index.php?rest_route=\/wp\/v2\/users\/1"}],"replies":[{"embeddable":true,"href":"https:\/\/www.dmsvsz.hr\/index.php?rest_route=%2Fwp%2Fv2%2Fcomments&post=158"}],"version-history":[{"count":6,"href":"https:\/\/www.dmsvsz.hr\/index.php?rest_route=\/wp\/v2\/pages\/158\/revisions"}],"predecessor-version":[{"id":3432,"href":"https:\/\/www.dmsvsz.hr\/index.php?rest_route=\/wp\/v2\/pages\/158\/revisions\/3432"}],"wp:attachment":[{"href":"https:\/\/www.dmsvsz.hr\/index.php?rest_route=%2Fwp%2Fv2%2Fmedia&parent=158"}],"curies":[{"name":"wp","href":"https:\/\/api.w.org\/{rel}","templated":true}]}}