{"id":1358,"date":"2020-10-23T11:48:00","date_gmt":"2020-10-23T09:48:00","guid":{"rendered":"https:\/\/www.dmsvsz.hr\/?page_id=1358"},"modified":"2026-04-09T11:29:38","modified_gmt":"2026-04-09T09:29:38","slug":"dokumenti","status":"publish","type":"page","link":"https:\/\/www.dmsvsz.hr\/?page_id=1358","title":{"rendered":"Dokumenti"},"content":{"rendered":"\t\t<div data-elementor-type=\"wp-page\" data-elementor-id=\"1358\" class=\"elementor elementor-1358\" data-elementor-post-type=\"page\">\n\t\t\t\t\t\t<section class=\"elementor-section elementor-top-section elementor-element elementor-element-742b7ef elementor-section-boxed elementor-section-height-default elementor-section-height-default\" data-id=\"742b7ef\" data-element_type=\"section\" data-e-type=\"section\">\n\t\t\t\t\t\t<div class=\"elementor-container elementor-column-gap-default\">\n\t\t\t\t\t<div class=\"elementor-column elementor-col-100 elementor-top-column elementor-element elementor-element-2c14094\" data-id=\"2c14094\" data-element_type=\"column\" data-e-type=\"column\">\n\t\t\t<div class=\"elementor-widget-wrap elementor-element-populated\">\n\t\t\t\t\t\t<div class=\"elementor-element elementor-element-8212b1b elementor-widget elementor-widget-toggle\" data-id=\"8212b1b\" data-element_type=\"widget\" data-e-type=\"widget\" data-widget_type=\"toggle.default\">\n\t\t\t\t<div class=\"elementor-widget-container\">\n\t\t\t\t\t\t\t<div class=\"elementor-toggle\">\n\t\t\t\t\t\t\t<div class=\"elementor-toggle-item\">\n\t\t\t\t\t<div id=\"elementor-tab-title-1361\" class=\"elementor-tab-title\" data-tab=\"1\" role=\"button\" aria-controls=\"elementor-tab-content-1361\" aria-expanded=\"false\">\n\t\t\t\t\t\t\t\t\t\t\t\t<span class=\"elementor-toggle-icon elementor-toggle-icon-left\" aria-hidden=\"true\">\n\t\t\t\t\t\t\t\t\t\t\t\t\t\t\t<span class=\"elementor-toggle-icon-closed\"><i class=\"fas fa-caret-right\"><\/i><\/span>\n\t\t\t\t\t\t\t\t<span class=\"elementor-toggle-icon-opened\"><i class=\"elementor-toggle-icon-opened fas fa-caret-up\"><\/i><\/span>\n\t\t\t\t\t\t\t\t\t\t\t\t\t<\/span>\n\t\t\t\t\t\t\t\t\t\t\t\t<a class=\"elementor-toggle-title\" tabindex=\"0\">Dokumenti 2025. godina<\/a>\n\t\t\t\t\t<\/div>\n\n\t\t\t\t\t<div id=\"elementor-tab-content-1361\" class=\"elementor-tab-content elementor-clearfix\" data-tab=\"1\" role=\"region\" aria-labelledby=\"elementor-tab-title-1361\"><ul><li><a href=\"\/wp-content\/uploads\/2026\/Financijski-izvjestaj-neprofitnih-organizacija-2025.pdf\" target=\"_blank\" rel=\"noopener\">Financijski izvje\u0161taj, bilanca, izvje\u0161taj o prihodima i rashodima, bilje\u0161ke za 20245 godinu<\/a><\/li><li><a href=\"\/wp-content\/uploads\/2021\/DMSVSZFinancijski-plan-2025..pdf\" target=\"_blank\" rel=\"noopener\">Financijski plan za 2025. godinu<\/a><\/li><li><a href=\"\/wp-content\/uploads\/2021\/DMSVSZ-Operativni-plan-2025..pdf\" target=\"_blank\" rel=\"noopener\">Operativni plan rada Dru\u0161tva za 2025. godinu<\/a><\/li><li><a href=\"\/wp-content\/uploads\/2026\/Izvjesce-o-radu-za-2025-godinu-dmsvsz.pdf\" target=\"_blank\" rel=\"noopener\">Izvje\u0161\u0107e o radu udruge za 2025. godinu<\/a><\/li><\/ul><\/div>\n\t\t\t\t<\/div>\n\t\t\t\t\t\t\t<div class=\"elementor-toggle-item\">\n\t\t\t\t\t<div id=\"elementor-tab-title-1362\" class=\"elementor-tab-title\" data-tab=\"2\" role=\"button\" aria-controls=\"elementor-tab-content-1362\" aria-expanded=\"false\">\n\t\t\t\t\t\t\t\t\t\t\t\t<span class=\"elementor-toggle-icon elementor-toggle-icon-left\" aria-hidden=\"true\">\n\t\t\t\t\t\t\t\t\t\t\t\t\t\t\t<span class=\"elementor-toggle-icon-closed\"><i class=\"fas fa-caret-right\"><\/i><\/span>\n\t\t\t\t\t\t\t\t<span class=\"elementor-toggle-icon-opened\"><i class=\"elementor-toggle-icon-opened fas fa-caret-up\"><\/i><\/span>\n\t\t\t\t\t\t\t\t\t\t\t\t\t<\/span>\n\t\t\t\t\t\t\t\t\t\t\t\t<a class=\"elementor-toggle-title\" tabindex=\"0\">Dokumenti 2024. godina<\/a>\n\t\t\t\t\t<\/div>\n\n\t\t\t\t\t<div id=\"elementor-tab-content-1362\" class=\"elementor-tab-content elementor-clearfix\" data-tab=\"2\" role=\"region\" aria-labelledby=\"elementor-tab-title-1362\"><ul><li><a href=\"\/wp-content\/uploads\/2025\/Werkmann-revizorsko-izvjesce-za-2024-godinu.pdf\" target=\"_blank\" rel=\"noopener\">Revizorsko izvje\u0161\u0107e o revizijskom uvidu u godi\u0161nje financijske izvje\u0161taje za 2024. godinu<\/a><\/li><li><a href=\"\/wp-content\/uploads\/2021\/DMSVSZ-Financijski-plan-2024..pdf\" target=\"_blank\" rel=\"noopener\">Financijski plan 2024. godinu<\/a><\/li><li><a href=\"\/wp-content\/uploads\/2021\/DMSVSZ-Operativni-plan-2024..pdf\" target=\"_blank\" rel=\"noopener\">Operativni plan rada dru\u0161tva za 2024. godinu<\/a><\/li><li><a href=\"\/wp-content\/uploads\/2021\/Financijski-izvjeStaj-bilanca-biljeSke-2024.pdf\" target=\"_blank\" rel=\"noopener\">Financijski izvje\u0161taj, bilanca, izvje\u0161taj o prihodima i rashodima, bilje\u0161ke za 2024. godinu<\/a><\/li><li><a href=\"https:\/\/www.dmsvsz.hr\/wp-content\/uploads\/2025\/Izvjesce-o-radu-2024.pdf\" target=\"_blank\" rel=\"noopener\">Izvje\u0161\u0107e o radu udruge za 2024. godinu<\/a><\/li><li><a href=\"\/wp-content\/uploads\/2025\/upitnik-funkcioniranje-fin-upravljanja-i-kontrole-za-2024.pdf\" target=\"_blank\" rel=\"noopener\">Upitnik o funkcioniranju sustava financijskog upravljanja i kontrola za 2024. godinu<\/a><\/li><\/ul><\/div>\n\t\t\t\t<\/div>\n\t\t\t\t\t\t\t<div class=\"elementor-toggle-item\">\n\t\t\t\t\t<div id=\"elementor-tab-title-1363\" class=\"elementor-tab-title\" data-tab=\"3\" role=\"button\" aria-controls=\"elementor-tab-content-1363\" aria-expanded=\"false\">\n\t\t\t\t\t\t\t\t\t\t\t\t<span class=\"elementor-toggle-icon elementor-toggle-icon-left\" aria-hidden=\"true\">\n\t\t\t\t\t\t\t\t\t\t\t\t\t\t\t<span class=\"elementor-toggle-icon-closed\"><i class=\"fas fa-caret-right\"><\/i><\/span>\n\t\t\t\t\t\t\t\t<span class=\"elementor-toggle-icon-opened\"><i class=\"elementor-toggle-icon-opened fas fa-caret-up\"><\/i><\/span>\n\t\t\t\t\t\t\t\t\t\t\t\t\t<\/span>\n\t\t\t\t\t\t\t\t\t\t\t\t<a class=\"elementor-toggle-title\" tabindex=\"0\">Dokumenti 2023. godina<\/a>\n\t\t\t\t\t<\/div>\n\n\t\t\t\t\t<div id=\"elementor-tab-content-1363\" class=\"elementor-tab-content elementor-clearfix\" data-tab=\"3\" role=\"region\" aria-labelledby=\"elementor-tab-title-1363\"><ul><li><a href=\"\/wp-content\/uploads\/2025\/financijski-plan-za-2023-godinu.pdf\" target=\"_blank\" rel=\"noopener\">Financijski plan za 2023. godinu<\/a><\/li><li><a href=\"\/wp-content\/uploads\/2025\/Revizorsko%20izvjesce-za-2023-god.pdf\" target=\"_blank\" rel=\"noopener\">Revizorsko izvje\u0161\u0107e o revizorskom uvidu u godi\u0161nje financijske izvje\u0161taje za 2023.g.<\/a><\/li><li><a href=\"\/wp-content\/uploads\/2021\/Operativni-plan-2023.pdf\" target=\"_blank\" rel=\"noopener\">Operativni plan dru\u0161tva za 2023. godinu<\/a><\/li><li><a href=\"https:\/\/www.dmsvsz.hr\/wp-content\/uploads\/2024\/Izvjesce-o-radu-za-2023-godinu-DMSVSZ.pdf\" target=\"_blank\" rel=\"noopener\">Izvje\u0161\u0107e o radu udruge za 2023. godinu<\/a><\/li><li><a href=\"\/wp-content\/uploads\/2022\/Financijski-izvjestaj-za-2023.pdf\" target=\"_blank\" rel=\"noopener\">Financijski izvje\u0161taji neprofitnih organizacija za razdoblje 01.01.2023. do 31.12.2023.<\/a><\/li><li><a href=\"\/wp-content\/uploads\/2021\/Upitnik-o-funkcioniranju-2023.pdf\" target=\"_blank\" rel=\"noopener\">Upitnik o funkcioniranju sustava financijskog upravljanja i kontrola za 2023. godinu<\/a><\/li><\/ul><\/div>\n\t\t\t\t<\/div>\n\t\t\t\t\t\t\t<div class=\"elementor-toggle-item\">\n\t\t\t\t\t<div id=\"elementor-tab-title-1364\" class=\"elementor-tab-title\" data-tab=\"4\" role=\"button\" aria-controls=\"elementor-tab-content-1364\" aria-expanded=\"false\">\n\t\t\t\t\t\t\t\t\t\t\t\t<span class=\"elementor-toggle-icon elementor-toggle-icon-left\" aria-hidden=\"true\">\n\t\t\t\t\t\t\t\t\t\t\t\t\t\t\t<span class=\"elementor-toggle-icon-closed\"><i class=\"fas fa-caret-right\"><\/i><\/span>\n\t\t\t\t\t\t\t\t<span class=\"elementor-toggle-icon-opened\"><i class=\"elementor-toggle-icon-opened fas fa-caret-up\"><\/i><\/span>\n\t\t\t\t\t\t\t\t\t\t\t\t\t<\/span>\n\t\t\t\t\t\t\t\t\t\t\t\t<a class=\"elementor-toggle-title\" tabindex=\"0\">Dokumenti 2022. godina<\/a>\n\t\t\t\t\t<\/div>\n\n\t\t\t\t\t<div id=\"elementor-tab-content-1364\" class=\"elementor-tab-content elementor-clearfix\" data-tab=\"4\" role=\"region\" aria-labelledby=\"elementor-tab-title-1364\"><ul><li><a href=\"\/wp-content\/uploads\/2021\/DMSVSZ-Financijski-plan-2022.pdf\" target=\"_blank\" rel=\"noopener\">Financijski plan za 2022. godinu<\/a><\/li><li><a href=\"\/wp-content\/uploads\/2021\/DMSVSZ-Operativni-plan-2022.pdf\" target=\"_blank\" rel=\"noopener\">Operativni plan rada dru\u0161tva za 2022. godinu<\/a><\/li><li><a href=\"\/wp-content\/uploads\/2021\/DMSVSZ-Bilanca-Izvjstaj-Biljeske-2022..pdf\" target=\"_blank\" rel=\"noopener\">Bilanca, izvje\u0161taj o prihodima i rashodima, bilje\u0161ke za 2022. godinu<\/a><\/li><li><a href=\"\/wp-content\/uploads\/2021\/DMSVSZ-Financijski-izvjestaj-2022.pdf\" target=\"_blank\" rel=\"noopener\">Financijski izvje\u0161taj za 2022. godinu<\/a><\/li><\/ul><\/div>\n\t\t\t\t<\/div>\n\t\t\t\t\t\t\t<div class=\"elementor-toggle-item\">\n\t\t\t\t\t<div id=\"elementor-tab-title-1365\" class=\"elementor-tab-title\" data-tab=\"5\" role=\"button\" aria-controls=\"elementor-tab-content-1365\" aria-expanded=\"false\">\n\t\t\t\t\t\t\t\t\t\t\t\t<span class=\"elementor-toggle-icon elementor-toggle-icon-left\" aria-hidden=\"true\">\n\t\t\t\t\t\t\t\t\t\t\t\t\t\t\t<span class=\"elementor-toggle-icon-closed\"><i class=\"fas fa-caret-right\"><\/i><\/span>\n\t\t\t\t\t\t\t\t<span class=\"elementor-toggle-icon-opened\"><i class=\"elementor-toggle-icon-opened fas fa-caret-up\"><\/i><\/span>\n\t\t\t\t\t\t\t\t\t\t\t\t\t<\/span>\n\t\t\t\t\t\t\t\t\t\t\t\t<a class=\"elementor-toggle-title\" tabindex=\"0\">Dokumenti 2021. godina<\/a>\n\t\t\t\t\t<\/div>\n\n\t\t\t\t\t<div id=\"elementor-tab-content-1365\" class=\"elementor-tab-content elementor-clearfix\" data-tab=\"5\" role=\"region\" aria-labelledby=\"elementor-tab-title-1365\"><ul><li><a href=\"\/wp-content\/uploads\/2021\/Financijski-plan-2021.pdf\" target=\"_blank\" rel=\"noopener\">Financijski plan 2021. godinu<\/a><\/li><li><a href=\"\/wp-content\/uploads\/2021\/Operativni-plan-2021..pdf\" target=\"_blank\" rel=\"noopener\">Operativni plan rada dru\u0161tva za 2021. godinu<\/a><\/li><li><a href=\"\/wp-content\/uploads\/2021\/Financijski-izvjestaj-bilanca-izvjestaj-o-prihodima-i-rashodima-biljeske-2021.pdf\" target=\"_blank\" rel=\"noopener\">Financijski izvje\u0161taj bilanca, izvje\u0161taj o prihodima i rashodima, bilje\u0161ke za 2021. godinu<\/a><\/li><\/ul><\/div>\n\t\t\t\t<\/div>\n\t\t\t\t\t\t\t<div class=\"elementor-toggle-item\">\n\t\t\t\t\t<div id=\"elementor-tab-title-1366\" class=\"elementor-tab-title\" data-tab=\"6\" role=\"button\" aria-controls=\"elementor-tab-content-1366\" aria-expanded=\"false\">\n\t\t\t\t\t\t\t\t\t\t\t\t<span class=\"elementor-toggle-icon elementor-toggle-icon-left\" aria-hidden=\"true\">\n\t\t\t\t\t\t\t\t\t\t\t\t\t\t\t<span class=\"elementor-toggle-icon-closed\"><i class=\"fas fa-caret-right\"><\/i><\/span>\n\t\t\t\t\t\t\t\t<span class=\"elementor-toggle-icon-opened\"><i class=\"elementor-toggle-icon-opened fas fa-caret-up\"><\/i><\/span>\n\t\t\t\t\t\t\t\t\t\t\t\t\t<\/span>\n\t\t\t\t\t\t\t\t\t\t\t\t<a class=\"elementor-toggle-title\" tabindex=\"0\">Dokumenti 2020. godina<\/a>\n\t\t\t\t\t<\/div>\n\n\t\t\t\t\t<div id=\"elementor-tab-content-1366\" class=\"elementor-tab-content elementor-clearfix\" data-tab=\"6\" role=\"region\" aria-labelledby=\"elementor-tab-title-1366\"><ul><li><a href=\"\/wp-content\/uploads\/2020\/fin_plan_2020.pdf\" target=\"_blank\" rel=\"noopener\">Financijski plan 2020. godinu<\/a><\/li><li><a href=\"\/wp-content\/uploads\/2020\/Operativni_plan_2020.pdf\" target=\"_blank\" rel=\"noopener\">Operativni plan rada dru\u0161tva za 2020. godinu<\/a><\/li><li><a href=\"\/wp-content\/uploads\/2021\/Financijski-izvjestaj-bilanca-2020.pdf\" target=\"_blank\" rel=\"noopener\">Financijski izvje\u0161taj, bilanca za 2020. godinu<\/a><\/li><\/ul><\/div>\n\t\t\t\t<\/div>\n\t\t\t\t\t\t\t\t<\/div>\n\t\t\t\t\t\t<\/div>\n\t\t\t\t<\/div>\n\t\t\t\t\t<\/div>\n\t\t<\/div>\n\t\t\t\t\t<\/div>\n\t\t<\/section>\n\t\t\t\t<\/div>\n\t\t","protected":false},"excerpt":{"rendered":"<p>Dokumenti 2025. godina Financijski izvje\u0161taj, bilanca, izvje\u0161taj o prihodima i rashodima, bilje\u0161ke za 20245 godinu Financijski plan za 2025. godinu Operativni plan rada Dru\u0161tva za 2025. godinu Izvje\u0161\u0107e o radu&#8230;<\/p>\n<div class=\"more-link-wrapper\"><a class=\"more-link\" href=\"https:\/\/www.dmsvsz.hr\/?page_id=1358\">Op\u0161irnije<span class=\"screen-reader-text\">Dokumenti<\/span><\/a><\/div>\n","protected":false},"author":1,"featured_media":0,"parent":330,"menu_order":0,"comment_status":"closed","ping_status":"closed","template":"","meta":{"footnotes":""},"class_list":["post-1358","page","type-page","status-publish","hentry","excerpt"],"_links":{"self":[{"href":"https:\/\/www.dmsvsz.hr\/index.php?rest_route=\/wp\/v2\/pages\/1358","targetHints":{"allow":["GET"]}}],"collection":[{"href":"https:\/\/www.dmsvsz.hr\/index.php?rest_route=\/wp\/v2\/pages"}],"about":[{"href":"https:\/\/www.dmsvsz.hr\/index.php?rest_route=\/wp\/v2\/types\/page"}],"author":[{"embeddable":true,"href":"https:\/\/www.dmsvsz.hr\/index.php?rest_route=\/wp\/v2\/users\/1"}],"replies":[{"embeddable":true,"href":"https:\/\/www.dmsvsz.hr\/index.php?rest_route=%2Fwp%2Fv2%2Fcomments&post=1358"}],"version-history":[{"count":144,"href":"https:\/\/www.dmsvsz.hr\/index.php?rest_route=\/wp\/v2\/pages\/1358\/revisions"}],"predecessor-version":[{"id":7920,"href":"https:\/\/www.dmsvsz.hr\/index.php?rest_route=\/wp\/v2\/pages\/1358\/revisions\/7920"}],"up":[{"embeddable":true,"href":"https:\/\/www.dmsvsz.hr\/index.php?rest_route=\/wp\/v2\/pages\/330"}],"wp:attachment":[{"href":"https:\/\/www.dmsvsz.hr\/index.php?rest_route=%2Fwp%2Fv2%2Fmedia&parent=1358"}],"curies":[{"name":"wp","href":"https:\/\/api.w.org\/{rel}","templated":true}]}}